{"id":6,"date":"2011-11-15T22:36:01","date_gmt":"2011-11-16T03:36:01","guid":{"rendered":"http:\/\/firewheels.com.pe\/taller\/?page_id=6"},"modified":"2012-03-13T20:30:13","modified_gmt":"2012-03-14T01:30:13","slug":"4x4","status":"publish","type":"page","link":"http:\/\/firewheels.com.pe\/taller\/4x4","title":{"rendered":"4&#215;4"},"content":{"rendered":"<p><span style=\"color: #ffffff;\"><strong>Preparaci\u00f3n de veh\u00edculos 4&#215;4<\/strong><\/span><\/p>\n<p><span style=\"color: #ffffff;\">En Fire Wheels somos especialistas en preparaciones integrales personalizadas de veh\u00edculos para uso extremo. Somos representantes de las mejores marcas para la preparaci\u00f3n y equipamiento 4&#215;4:<\/span><\/p>\n<ul>\n<li><span style=\"color: #ffffff;\">Suspensiones Old man Emu<\/span><\/li>\n<li><span style=\"color: #ffffff;\">Instalaci\u00f3n Blocajes ARB<\/span><\/li>\n<li><span style=\"color: #ffffff;\">Instalaci\u00f3n de Snorkels<\/span><\/li>\n<li><span style=\"color: #ffffff;\">Fabricaci\u00f3n e instalaci\u00f3n de jaulas contravuelco y refuerzos de carrocer\u00eda y chasis<\/span><\/li>\n<li><span style=\"color: #ffffff;\">Instalaci\u00f3n y fabricaci\u00f3n de parachoques delanteros y posteriores, estribos reforzados, sistemas portallantas, portagaloneras y portaeslingas<\/span><\/li>\n<li><span style=\"color: #ffffff;\">Instalaci\u00f3n de Tiros de Remolque para trailer<\/span><\/li>\n<li><span style=\"color: #ffffff;\">Instalaci\u00f3n de Portafaros<\/span><\/li>\n<li><span style=\"color: #ffffff;\">Protecci\u00f3n de bajos: Patines cubre carter\/motor, caja, transfer, tanques de combustible y coronas<\/span><\/li>\n<li><span style=\"color: #ffffff;\">Instalaci\u00f3n de winches, ganchos para remolque. Soportes de gatas High Lift<\/span><\/li>\n<li><span style=\"color: #ffffff;\">Preparaci\u00f3n de motores de alta performance, instalaci\u00f3n de supercharger y computadoras<\/span><\/li>\n<li><span style=\"color: #ffffff;\">Adaptaci\u00f3n de motores de mayor cilindrada<\/span><\/li>\n<\/ul>\n\n\t\t<style type='text\/css'>\n\t\t\t#gallery-1 {\n\t\t\t\tmargin: auto;\n\t\t\t}\n\t\t\t#gallery-1 .gallery-item {\n\t\t\t\tfloat: left;\n\t\t\t\tmargin-top: 10px;\n\t\t\t\ttext-align: center;\n\t\t\t\twidth: 25%;\n\t\t\t}\n\t\t\t#gallery-1 img {\n\t\t\t\tborder: 2px solid #cfcfcf;\n\t\t\t}\n\t\t\t#gallery-1 .gallery-caption {\n\t\t\t\tmargin-left: 0;\n\t\t\t}\n\t\t<\/style>\n\t\t<!-- see gallery_shortcode() in wp-includes\/media.php -->\n\t\t<div id='gallery-1' class='gallery galleryid-6 gallery-columns-4 gallery-size-thumbnail gallery1'><script type=\"text\/javascript\">\n\/\/ <![CDATA[\n\tjQuery(document).ready(function () {\n\t\tjQuery(\".gallery1 a\").attr(\"rel\",\"gallery1\");\t\n\t\tjQuery('a[rel=\"gallery1\"]').colorbox({title: function(){ return jQuery(this).children().attr(\"alt\"); }});\n\t});\n\/\/ ]]>\n<\/script>\n<dl class=\"gallery-item\">\n<dt class=\"gallery-icon\">\n<a href=\"http:\/\/firewheels.com.pe\/taller\/wp-content\/uploads\/2011\/11\/fw_preparacion4x4-01.jpg\" title=\"\" rel=\"gallery1\"><img loading=\"lazy\" decoding=\"async\" src=\"http:\/\/firewheels.com.pe\/taller\/wp-content\/uploads\/2011\/11\/fw_preparacion4x4-01-150x150.jpg\" width=\"120\" height=\"120\" alt=\"\" \/><\/a>\n<\/dt><\/dl><dl class=\"gallery-item\">\n<dt class=\"gallery-icon\">\n<a href=\"http:\/\/firewheels.com.pe\/taller\/wp-content\/uploads\/2011\/11\/fw_preparacion4x4-12.jpg\" title=\"\" rel=\"gallery1\"><img loading=\"lazy\" decoding=\"async\" src=\"http:\/\/firewheels.com.pe\/taller\/wp-content\/uploads\/2011\/11\/fw_preparacion4x4-12-150x150.jpg\" width=\"120\" height=\"120\" alt=\"\" \/><\/a>\n<\/dt><\/dl><dl class=\"gallery-item\">\n<dt class=\"gallery-icon\">\n<a href=\"http:\/\/firewheels.com.pe\/taller\/wp-content\/uploads\/2011\/11\/fw_preparacion4x4-02.jpg\" title=\"\" rel=\"gallery1\"><img loading=\"lazy\" decoding=\"async\" src=\"http:\/\/firewheels.com.pe\/taller\/wp-content\/uploads\/2011\/11\/fw_preparacion4x4-02-150x150.jpg\" width=\"120\" height=\"120\" alt=\"\" \/><\/a>\n<\/dt><\/dl><dl class=\"gallery-item\">\n<dt class=\"gallery-icon\">\n<a href=\"http:\/\/firewheels.com.pe\/taller\/wp-content\/uploads\/2011\/11\/fw_preparacion4x4-09.jpg\" title=\"\" rel=\"gallery1\"><img loading=\"lazy\" decoding=\"async\" src=\"http:\/\/firewheels.com.pe\/taller\/wp-content\/uploads\/2011\/11\/fw_preparacion4x4-09-150x150.jpg\" width=\"120\" height=\"120\" alt=\"\" \/><\/a>\n<\/dt><\/dl><br style=\"clear: both\" \/><dl class=\"gallery-item\">\n<dt class=\"gallery-icon\">\n<a href=\"http:\/\/firewheels.com.pe\/taller\/wp-content\/uploads\/2011\/11\/fw_preparacion4x4-10.jpg\" title=\"\" rel=\"gallery1\"><img loading=\"lazy\" decoding=\"async\" src=\"http:\/\/firewheels.com.pe\/taller\/wp-content\/uploads\/2011\/11\/fw_preparacion4x4-10-150x150.jpg\" width=\"120\" height=\"120\" alt=\"\" \/><\/a>\n<\/dt><\/dl><dl class=\"gallery-item\">\n<dt class=\"gallery-icon\">\n<a href=\"http:\/\/firewheels.com.pe\/taller\/wp-content\/uploads\/2011\/11\/fw_preparacion4x4-04.jpg\" title=\"\" rel=\"gallery1\"><img loading=\"lazy\" decoding=\"async\" src=\"http:\/\/firewheels.com.pe\/taller\/wp-content\/uploads\/2011\/11\/fw_preparacion4x4-04-150x150.jpg\" width=\"120\" height=\"120\" alt=\"\" \/><\/a>\n<\/dt><\/dl><dl class=\"gallery-item\">\n<dt class=\"gallery-icon\">\n<a href=\"http:\/\/firewheels.com.pe\/taller\/wp-content\/uploads\/2011\/11\/fw_preparacion4x4-05.jpg\" title=\"\" rel=\"gallery1\"><img loading=\"lazy\" decoding=\"async\" src=\"http:\/\/firewheels.com.pe\/taller\/wp-content\/uploads\/2011\/11\/fw_preparacion4x4-05-150x150.jpg\" width=\"120\" height=\"120\" alt=\"\" \/><\/a>\n<\/dt><\/dl><dl class=\"gallery-item\">\n<dt class=\"gallery-icon\">\n<a href=\"http:\/\/firewheels.com.pe\/taller\/wp-content\/uploads\/2011\/11\/fw_preparacion4x4-07.jpg\" title=\"\" rel=\"gallery1\"><img loading=\"lazy\" decoding=\"async\" src=\"http:\/\/firewheels.com.pe\/taller\/wp-content\/uploads\/2011\/11\/fw_preparacion4x4-07-150x150.jpg\" width=\"120\" height=\"120\" alt=\"\" \/><\/a>\n<\/dt><\/dl><br style=\"clear: both\" \/><dl class=\"gallery-item\">\n<dt class=\"gallery-icon\">\n<a href=\"http:\/\/firewheels.com.pe\/taller\/wp-content\/uploads\/2011\/11\/fw_preparacion4x4-03.jpg\" title=\"\" rel=\"gallery1\"><img loading=\"lazy\" decoding=\"async\" src=\"http:\/\/firewheels.com.pe\/taller\/wp-content\/uploads\/2011\/11\/fw_preparacion4x4-03-150x150.jpg\" width=\"120\" height=\"120\" alt=\"\" \/><\/a>\n<\/dt><\/dl><dl class=\"gallery-item\">\n<dt class=\"gallery-icon\">\n<a href=\"http:\/\/firewheels.com.pe\/taller\/wp-content\/uploads\/2011\/11\/fw_preparacion4x4-11.jpg\" title=\"\" rel=\"gallery1\"><img loading=\"lazy\" decoding=\"async\" src=\"http:\/\/firewheels.com.pe\/taller\/wp-content\/uploads\/2011\/11\/fw_preparacion4x4-11-150x150.jpg\" width=\"120\" height=\"120\" alt=\"\" \/><\/a>\n<\/dt><\/dl><dl class=\"gallery-item\">\n<dt class=\"gallery-icon\">\n<a href=\"http:\/\/firewheels.com.pe\/taller\/wp-content\/uploads\/2011\/11\/fw_preparacion4x4-06.jpg\" title=\"\" rel=\"gallery1\"><img loading=\"lazy\" decoding=\"async\" src=\"http:\/\/firewheels.com.pe\/taller\/wp-content\/uploads\/2011\/11\/fw_preparacion4x4-06-150x150.jpg\" width=\"120\" height=\"120\" alt=\"\" \/><\/a>\n<\/dt><\/dl><dl class=\"gallery-item\">\n<dt class=\"gallery-icon\">\n<a href=\"http:\/\/firewheels.com.pe\/taller\/wp-content\/uploads\/2011\/11\/fw_preparacion4x4-08.jpg\" title=\"\" rel=\"gallery1\"><img loading=\"lazy\" decoding=\"async\" src=\"http:\/\/firewheels.com.pe\/taller\/wp-content\/uploads\/2011\/11\/fw_preparacion4x4-08-150x150.jpg\" width=\"120\" height=\"120\" alt=\"\" \/><\/a>\n<\/dt><\/dl><br style=\"clear: both\" \/><br style=\"clear: both\" \/><\/div>\n<p><span style=\"color: #ffffff;\"><strong>Equipamiento 4&#215;4:<\/strong><\/span><\/p>\n<ul>\n<li><span style=\"color: #ffffff;\">Venta de aros y llantas<\/span><\/li>\n<li><span style=\"color: #ffffff;\">Protectores de Tolva<\/span><\/li>\n<\/ul>\n\n\t\t<style type='text\/css'>\n\t\t\t#gallery-2 {\n\t\t\t\tmargin: auto;\n\t\t\t}\n\t\t\t#gallery-2 .gallery-item {\n\t\t\t\tfloat: left;\n\t\t\t\tmargin-top: 10px;\n\t\t\t\ttext-align: center;\n\t\t\t\twidth: 25%;\n\t\t\t}\n\t\t\t#gallery-2 img {\n\t\t\t\tborder: 2px solid #cfcfcf;\n\t\t\t}\n\t\t\t#gallery-2 .gallery-caption {\n\t\t\t\tmargin-left: 0;\n\t\t\t}\n\t\t<\/style>\n\t\t<!-- see gallery_shortcode() in wp-includes\/media.php -->\n\t\t<div id='gallery-2' class='gallery galleryid-6 gallery-columns-4 gallery-size-thumbnail gallery1'><script type=\"text\/javascript\">\n\/\/ <![CDATA[\n\tjQuery(document).ready(function () {\n\t\tjQuery(\".gallery1 a\").attr(\"rel\",\"gallery1\");\t\n\t\tjQuery('a[rel=\"gallery1\"]').colorbox({title: function(){ return jQuery(this).children().attr(\"alt\"); }});\n\t});\n\/\/ ]]>\n<\/script>\n<dl class=\"gallery-item\">\n<dt class=\"gallery-icon\">\n<a href=\"http:\/\/firewheels.com.pe\/taller\/wp-content\/uploads\/2012\/03\/fw_equipam4x4-01ws.jpg\" title=\"\" rel=\"gallery1\"><img loading=\"lazy\" decoding=\"async\" src=\"http:\/\/firewheels.com.pe\/taller\/wp-content\/uploads\/2012\/03\/fw_equipam4x4-01ws-150x150.jpg\" width=\"120\" height=\"120\" alt=\"\" \/><\/a>\n<\/dt><\/dl><dl class=\"gallery-item\">\n<dt class=\"gallery-icon\">\n<a href=\"http:\/\/firewheels.com.pe\/taller\/wp-content\/uploads\/2012\/03\/fw_equipam4x4-04ws.jpg\" title=\"\" rel=\"gallery1\"><img loading=\"lazy\" decoding=\"async\" src=\"http:\/\/firewheels.com.pe\/taller\/wp-content\/uploads\/2012\/03\/fw_equipam4x4-04ws-150x150.jpg\" width=\"120\" height=\"120\" alt=\"\" \/><\/a>\n<\/dt><\/dl><dl class=\"gallery-item\">\n<dt class=\"gallery-icon\">\n<a href=\"http:\/\/firewheels.com.pe\/taller\/wp-content\/uploads\/2012\/03\/fw_equipam4x4-02ws.jpg\" title=\"\" rel=\"gallery1\"><img loading=\"lazy\" decoding=\"async\" src=\"http:\/\/firewheels.com.pe\/taller\/wp-content\/uploads\/2012\/03\/fw_equipam4x4-02ws-150x150.jpg\" width=\"120\" height=\"120\" alt=\"\" \/><\/a>\n<\/dt><\/dl><dl class=\"gallery-item\">\n<dt class=\"gallery-icon\">\n<a href=\"http:\/\/firewheels.com.pe\/taller\/wp-content\/uploads\/2012\/03\/fw_equipam4x4-03ws.jpg\" title=\"\" rel=\"gallery1\"><img loading=\"lazy\" decoding=\"async\" src=\"http:\/\/firewheels.com.pe\/taller\/wp-content\/uploads\/2012\/03\/fw_equipam4x4-03ws-150x150.jpg\" width=\"120\" height=\"120\" alt=\"\" \/><\/a>\n<\/dt><\/dl><br style=\"clear: both\" \/><br style=\"clear: both\" \/><\/div>\n<p><span style=\"color: #ffffff;\"><strong>Accesorios 4&#215;4:<\/strong><\/span><\/p>\n<ul>\n<li><span style=\"color: #ffffff;\">Kits de suspensi\u00f3n<\/span><\/li>\n<li><span style=\"color: #ffffff;\">Eslingas ARB<\/span><\/li>\n<li><span style=\"color: #ffffff;\">Winches Warm<\/span><\/li>\n<li><span style=\"color: #ffffff;\">Faros IPF, Hella<\/span><\/li>\n<li><span style=\"color: #ffffff;\">Parrillas de techo<\/span><\/li>\n<li><span style=\"color: #ffffff;\">Carpas de techo ARB<\/span><\/li>\n<li><span style=\"color: #ffffff;\">Freezers ARB<\/span><\/li>\n<li><span style=\"color: #ffffff;\">Toldos ARB<\/span><\/li>\n<li><span style=\"color: #ffffff;\">Blocajes ARB<\/span><\/li>\n<li><span style=\"color: #ffffff;\">Snorkels<\/span><\/li>\n<li><span style=\"color: #ffffff;\">Gatas inflables<\/span><\/li>\n<li><span style=\"color: #ffffff;\">Compresoras ARB<\/span><\/li>\n<li><span style=\"color: #ffffff;\">Medidores de presi\u00f3n<\/span><\/li>\n<li><span style=\"color: #ffffff;\">Desinfladores de llantas<\/span><\/li>\n<\/ul>\n<p><a title=\"ARB 4x4 Accesories\" href=\"http:\/\/www.arb.com.au\/\" rel=\"http:\/\/www.arb.com.au\/\" target=\"_blank\"><img loading=\"lazy\" decoding=\"async\" class=\"alignleft  wp-image-196\" title=\"ARB - 4x4 Accesories\" src=\"http:\/\/firewheels.com.pe\/taller\/wp-content\/uploads\/2011\/11\/fw_logos4x4-06.gif\" alt=\"\" width=\"116\" height=\"79\" \/><\/a><\/p>\n<p><a title=\"WARN Industries\" href=\"http:\/\/www.warn.com\/index.shtml\" rel=\"http:\/\/www.warn.com\/index.shtml\" target=\"_blank\"><img loading=\"lazy\" decoding=\"async\" class=\"alignleft  wp-image-198\" title=\"WARN Industries\" src=\"http:\/\/firewheels.com.pe\/taller\/wp-content\/uploads\/2011\/11\/fw_logos4x4-04.gif\" alt=\"\" width=\"152\" height=\"79\" \/><\/a><\/p>\n<p><img loading=\"lazy\" decoding=\"async\" class=\"alignleft\" title=\"fw_logos4x4-02\" src=\"http:\/\/firewheels.com.pe\/taller\/wp-content\/uploads\/2011\/11\/fw_logos4x4-02.gif\" alt=\"\" width=\"219\" height=\"51\" \/><\/p>\n<p><a title=\"Hella\" href=\"http:\/\/www.hella.com\/hella-com\/index.html?rdeLocaleAttr=en\" rel=\"http:\/\/www.hella.com\/hella-com\/index.html?rdeLocaleAttr=en\" target=\"_blank\"><img loading=\"lazy\" decoding=\"async\" class=\"alignleft  wp-image-197\" title=\"HELLA | Homepage\" src=\"http:\/\/firewheels.com.pe\/taller\/wp-content\/uploads\/2011\/11\/fw_logos4x4-05.gif\" alt=\"\" width=\"110\" height=\"79\" \/><\/a><\/p>\n<p><img loading=\"lazy\" decoding=\"async\" class=\"alignleft\" title=\"fw_logos4x4-01\" src=\"http:\/\/firewheels.com.pe\/taller\/wp-content\/uploads\/2011\/11\/fw_logos4x4-01.jpg\" alt=\"\" width=\"215\" height=\"51\" \/><\/p>\n","protected":false},"excerpt":{"rendered":"<p>Preparaci\u00f3n de veh\u00edculos 4&#215;4 En Fire Wheels somos especialistas en preparaciones integrales personalizadas de veh\u00edculos para uso extremo. Somos representantes de las mejores marcas para la preparaci\u00f3n y equipamiento 4&#215;4: Suspensiones Old man Emu Instalaci\u00f3n Blocajes ARB Instalaci\u00f3n de Snorkels Fabricaci\u00f3n e instalaci\u00f3n de jaulas contravuelco y refuerzos de carrocer\u00eda y chasis Instalaci\u00f3n y fabricaci\u00f3n &#8230;<\/p>\n","protected":false},"author":1,"featured_media":0,"parent":0,"menu_order":0,"comment_status":"closed","ping_status":"closed","template":"","meta":{"footnotes":""},"class_list":["post-6","page","type-page","status-publish","hentry"],"_links":{"self":[{"href":"http:\/\/firewheels.com.pe\/taller\/wp-json\/wp\/v2\/pages\/6","targetHints":{"allow":["GET"]}}],"collection":[{"href":"http:\/\/firewheels.com.pe\/taller\/wp-json\/wp\/v2\/pages"}],"about":[{"href":"http:\/\/firewheels.com.pe\/taller\/wp-json\/wp\/v2\/types\/page"}],"author":[{"embeddable":true,"href":"http:\/\/firewheels.com.pe\/taller\/wp-json\/wp\/v2\/users\/1"}],"replies":[{"embeddable":true,"href":"http:\/\/firewheels.com.pe\/taller\/wp-json\/wp\/v2\/comments?post=6"}],"version-history":[{"count":52,"href":"http:\/\/firewheels.com.pe\/taller\/wp-json\/wp\/v2\/pages\/6\/revisions"}],"predecessor-version":[{"id":37,"href":"http:\/\/firewheels.com.pe\/taller\/wp-json\/wp\/v2\/pages\/6\/revisions\/37"}],"wp:attachment":[{"href":"http:\/\/firewheels.com.pe\/taller\/wp-json\/wp\/v2\/media?parent=6"}],"curies":[{"name":"wp","href":"https:\/\/api.w.org\/{rel}","templated":true}]}}