{"id":221,"date":"2012-03-14T17:03:50","date_gmt":"2012-03-14T22:03:50","guid":{"rendered":"http:\/\/firewheels.com.pe\/taller\/?page_id=221"},"modified":"2013-05-30T11:10:24","modified_gmt":"2013-05-30T16:10:24","slug":"vehiculos-especiales","status":"publish","type":"page","link":"http:\/\/firewheels.com.pe\/taller\/vehiculos-especiales","title":{"rendered":"Veh\u00edculos Especiales"},"content":{"rendered":"<p><a href=\"http:\/\/firewheels.com.pe\/taller\/wp-content\/uploads\/2012\/05\/FW_veh-esp001.jpg\"><img loading=\"lazy\" decoding=\"async\" class=\"alignnone size-full wp-image-342\" title=\"FW_veh-esp001\" src=\"http:\/\/firewheels.com.pe\/taller\/wp-content\/uploads\/2012\/05\/FW_veh-esp001.jpg\" alt=\"\" width=\"680\" height=\"424\" srcset=\"http:\/\/firewheels.com.pe\/taller\/wp-content\/uploads\/2012\/05\/FW_veh-esp001.jpg 680w, http:\/\/firewheels.com.pe\/taller\/wp-content\/uploads\/2012\/05\/FW_veh-esp001-300x187.jpg 300w, http:\/\/firewheels.com.pe\/taller\/wp-content\/uploads\/2012\/05\/FW_veh-esp001-460x286.jpg 460w\" sizes=\"auto, (max-width: 680px) 100vw, 680px\" \/><\/a><\/p>\n<p><span style=\"color: #ffffff;\">En Fire Wheels nos encargamos de las necesidades de servicio de nuestros clientes en todo el pa\u00eds para lo cual contamos con t\u00e9cnicos profesionales especializados y certificados en mantenimiento preventivo, correctivo, planchado, pintura, inspecciones anuales y reparaci\u00f3n de bombas contra incendio  de todas las marcas y modelos de:<\/span><\/p>\n<ul>\n<li><span style=\"color: #ffffff;\">Camiones contra incendio Aeroportuarios ARFF<\/span><\/li>\n<li><span style=\"color: #ffffff;\">Autobombas Municipales<\/span><\/li>\n<li><span style=\"color: #ffffff;\">Autobombas Industriales<\/span><\/li>\n<li><span style=\"color: #ffffff;\">Escalas Telesc\u00f3picas<\/span><\/li>\n<li><span style=\"color: #ffffff;\">Rescates<\/span><\/li>\n<li><span style=\"color: #ffffff;\">Ambulancias<\/span><\/li>\n<li><span style=\"color: #ffffff;\">Ataque R\u00e1pido<\/span><\/li>\n<li><span style=\"color: #ffffff;\">Gr\u00faas m\u00f3viles<\/span><\/li>\n<\/ul>\n<p><span style=\"color: #ffffff;\">Contamos con un moderno local equipado con herramientas y equipos de diagn\u00f3stico, medici\u00f3n y calibraci\u00f3n, manuales y normas IFSTA y NFPA  adem\u00e1s de una moderna unidad para realizar servicios en SITE a nivel nacional.<\/span><\/p>\n<p><span style=\"color: #ffffff;\">Vea tambi\u00e9n:<\/span><\/p>\n<p><a title=\"Ambulancias\" href=\"http:\/\/firewheels.com.pe\/taller\/ambulancias\">Ambulancias<\/a><\/p>\n<p><a title=\"Unidades contra incendio\" href=\"http:\/\/firewheels.com.pe\/taller\/bomberos\">Unidades contra Incendio<\/a><\/p>\n<p><a title=\"Gruas\" href=\"http:\/\/firewheels.com.pe\/taller\/gruas-2\">Gruas<\/a><br \/>\n&nbsp;<\/p>\n","protected":false},"excerpt":{"rendered":"<p>En Fire Wheels nos encargamos de las necesidades de servicio de nuestros clientes en todo el pa\u00eds para lo cual contamos con t\u00e9cnicos profesionales especializados y certificados en mantenimiento preventivo, correctivo, planchado, pintura, inspecciones anuales y reparaci\u00f3n de bombas contra incendio de todas las marcas y modelos de: Camiones contra incendio Aeroportuarios ARFF Autobombas Municipales &#8230;<\/p>\n","protected":false},"author":1,"featured_media":0,"parent":0,"menu_order":0,"comment_status":"closed","ping_status":"closed","template":"","meta":{"footnotes":""},"class_list":["post-221","page","type-page","status-publish","hentry"],"_links":{"self":[{"href":"http:\/\/firewheels.com.pe\/taller\/wp-json\/wp\/v2\/pages\/221","targetHints":{"allow":["GET"]}}],"collection":[{"href":"http:\/\/firewheels.com.pe\/taller\/wp-json\/wp\/v2\/pages"}],"about":[{"href":"http:\/\/firewheels.com.pe\/taller\/wp-json\/wp\/v2\/types\/page"}],"author":[{"embeddable":true,"href":"http:\/\/firewheels.com.pe\/taller\/wp-json\/wp\/v2\/users\/1"}],"replies":[{"embeddable":true,"href":"http:\/\/firewheels.com.pe\/taller\/wp-json\/wp\/v2\/comments?post=221"}],"version-history":[{"count":16,"href":"http:\/\/firewheels.com.pe\/taller\/wp-json\/wp\/v2\/pages\/221\/revisions"}],"predecessor-version":[{"id":381,"href":"http:\/\/firewheels.com.pe\/taller\/wp-json\/wp\/v2\/pages\/221\/revisions\/381"}],"wp:attachment":[{"href":"http:\/\/firewheels.com.pe\/taller\/wp-json\/wp\/v2\/media?parent=221"}],"curies":[{"name":"wp","href":"https:\/\/api.w.org\/{rel}","templated":true}]}}