{"id":13,"date":"2011-11-15T22:37:26","date_gmt":"2011-11-16T03:37:26","guid":{"rendered":"http:\/\/firewheels.com.pe\/taller\/?page_id=13"},"modified":"2012-05-09T17:20:23","modified_gmt":"2012-05-09T22:20:23","slug":"gruas","status":"publish","type":"page","link":"http:\/\/firewheels.com.pe\/taller\/gruas","title":{"rendered":"Usados Selectos"},"content":{"rendered":"<p><span style=\"color: #ffffff;\"> <strong>Fire Wheels Usados Selectos<\/strong> es su mejor opci\u00f3n para la compra de un veh\u00edculo de segunda mano, ya sea un auto, camioneta, moto o cuatrimoto. Tenemos una amplia variedad de marcas y modelos que renovamos constantemente. Todos nuestros autom\u00f3viles han sido revisados en su parte mec\u00e1nica y cuentan con todos los servicios al dia.<\/span><\/p>\n<p><span style=\"color: #ffffff;\">Vis\u00edtenos en<\/span> <a title=\"Fire Wheels - Usados Selectos\" href=\"http:\/\/firewheels.pe\" target=\"_blank\">www.firewheels.pe<\/a><\/p>\n<p style=\"text-align: center;\"><a title=\":: Firewheels - Usados Selectos ::\" href=\"http:\/\/firewheels.pe\" target=\"_blank\"><img loading=\"lazy\" decoding=\"async\" class=\"aligncenter size-full wp-image-360\" title=\"FW_UsadosSelectos-Screenshot\" src=\"http:\/\/firewheels.com.pe\/taller\/wp-content\/uploads\/2012\/05\/FW_UsadosSelectos-Screenshot.jpg\" alt=\"\" width=\"514\" height=\"509\" srcset=\"http:\/\/firewheels.com.pe\/taller\/wp-content\/uploads\/2012\/05\/FW_UsadosSelectos-Screenshot.jpg 514w, http:\/\/firewheels.com.pe\/taller\/wp-content\/uploads\/2012\/05\/FW_UsadosSelectos-Screenshot-120x120.jpg 120w, http:\/\/firewheels.com.pe\/taller\/wp-content\/uploads\/2012\/05\/FW_UsadosSelectos-Screenshot-300x297.jpg 300w, http:\/\/firewheels.com.pe\/taller\/wp-content\/uploads\/2012\/05\/FW_UsadosSelectos-Screenshot-351x348.jpg 351w\" sizes=\"auto, (max-width: 514px) 100vw, 514px\" \/><\/a><\/p>\n","protected":false},"excerpt":{"rendered":"<p>Fire Wheels Usados Selectos es su mejor opci\u00f3n para la compra de un veh\u00edculo de segunda mano, ya sea un auto, camioneta, moto o cuatrimoto. Tenemos una amplia variedad de marcas y modelos que renovamos constantemente. Todos nuestros autom\u00f3viles han sido revisados en su parte mec\u00e1nica y cuentan con todos los servicios al dia. Vis\u00edtenos &#8230;<\/p>\n","protected":false},"author":1,"featured_media":0,"parent":0,"menu_order":0,"comment_status":"closed","ping_status":"closed","template":"","meta":{"footnotes":""},"class_list":["post-13","page","type-page","status-publish","hentry"],"_links":{"self":[{"href":"http:\/\/firewheels.com.pe\/taller\/wp-json\/wp\/v2\/pages\/13","targetHints":{"allow":["GET"]}}],"collection":[{"href":"http:\/\/firewheels.com.pe\/taller\/wp-json\/wp\/v2\/pages"}],"about":[{"href":"http:\/\/firewheels.com.pe\/taller\/wp-json\/wp\/v2\/types\/page"}],"author":[{"embeddable":true,"href":"http:\/\/firewheels.com.pe\/taller\/wp-json\/wp\/v2\/users\/1"}],"replies":[{"embeddable":true,"href":"http:\/\/firewheels.com.pe\/taller\/wp-json\/wp\/v2\/comments?post=13"}],"version-history":[{"count":11,"href":"http:\/\/firewheels.com.pe\/taller\/wp-json\/wp\/v2\/pages\/13\/revisions"}],"predecessor-version":[{"id":239,"href":"http:\/\/firewheels.com.pe\/taller\/wp-json\/wp\/v2\/pages\/13\/revisions\/239"}],"wp:attachment":[{"href":"http:\/\/firewheels.com.pe\/taller\/wp-json\/wp\/v2\/media?parent=13"}],"curies":[{"name":"wp","href":"https:\/\/api.w.org\/{rel}","templated":true}]}}